{"id":126,"date":"2019-02-26T16:32:08","date_gmt":"2019-02-26T15:32:08","guid":{"rendered":"https:\/\/sologis.cz\/?page_id=126"},"modified":"2024-05-03T13:26:35","modified_gmt":"2024-05-03T11:26:35","slug":"circular-retail-concept","status":"publish","type":"page","link":"https:\/\/sologis.cz\/","title":{"rendered":"Sologis &#8211; D\u00e1v\u00e1me \u0159\u00e1d skladov\u00e1n\u00ed"},"content":{"rendered":"\n<h4 class=\"wp-block-heading\"><strong>Na\u0161e spole\u010dnost vznikla v roce 2018<\/strong><\/h4>\n\n\n\n<ul class=\"wp-block-list\">\n<li>zab\u00fdv\u00e1me se skladov\u00e1n\u00edm, logistikou, v\u00fdrobou n\u00e1bytku a vybavov\u00e1n\u00edm prodejen<\/li>\n\n\n\n<li>k dispozici m\u00e1me vlastn\u00ed skladov\u00e9 prostory, kovov\u00fdrobu a truhl\u00e1rnu, kter\u00e9 n\u00e1m zaji\u0161\u0165uj\u00ed jak s\u00e9riovou tak i kusovou v\u00fdrobu<\/li>\n\n\n\n<li>nab\u00edz\u00edme slu\u017eby od n\u00e1vrhu, vizualizace, v\u00fdroby, dod\u00e1n\u00ed a\u017e po mont\u00e1\u017e objednan\u00e9ho zbo\u017e\u00ed<\/li>\n<\/ul>\n\n\n\n<h3 class=\"wp-block-heading\"><strong>Nab\u00edz\u00edme:<\/strong><\/h3>\n\n\n\n<ul class=\"wp-block-list\">\n<li>Individu\u00e1ln\u00ed i s\u00e9riovou v\u00fdrobu s kombinac\u00ed materi\u00e1lu dle p\u0159\u00e1n\u00ed z\u00e1kazn\u00edka<\/li>\n\n\n\n<li>Cenovou komunikaci \u2013 cenovky na h\u00e1\u010dky, cenov\u00e9 li\u0161ty, r\u00e1me\u010dky, nerezov\u00e9 stoj\u00e1nky, cenov\u00e9 kazety, basovky, info stoj\u00e1nky, nerezov\u00e9 bodce..<\/li>\n\n\n\n<li>Dopl\u0148kov\u00fd sortiment \u2013 plak\u00e1tov\u00e9 stoj\u00e1nky, zaklap\u00e1vac\u00ed r\u00e1my, \u010dern\u00e9 a nerezov\u00e9 n\u00e1dob\u00ed, hlin\u00edkov\u00e9 \/ plechov\u00e9 reklamn\u00ed stojany, parabolick\u00e1 zrcadla, ko\u0161\u00edky, v\u00fdprodejov\u00e9 stojany a dal\u0161\u00ed..<\/li>\n<\/ul>\n\n\n\n<p><br><br><strong><a href=\"https:\/\/sologis.cz\/index.php\/kontakt\/\">Najdete n\u00e1s<\/a><\/strong><br>Pohled 249<br>582 21 Pohled<\/p>\n\n\n\n<p><a href=\"https:\/\/mapy.cz\/zakladni?x=15.6392672&amp;y=49.6125938&amp;z=17&amp;q=pohled%20249&amp;source=addr&amp;id=11188300\" target=\"_blank\" rel=\"noreferrer noopener\">Mapy.cz<\/a><br><a href=\"https:\/\/sologis.cz\/wp-content\/uploads\/2021\/11\/Sologis-kontakt.pdf\">Kontak A4 pro vytisknut\u00ed<\/a><\/p>\n\n\n\n<figure class=\"wp-block-image size-full is-resized\"><img loading=\"lazy\" decoding=\"async\" width=\"500\" height=\"97\" src=\"https:\/\/sologis.cz\/wp-content\/uploads\/2021\/11\/Sologis-kontakty-tel-email.png\" alt=\"\" class=\"wp-image-345\" style=\"width:400px\" srcset=\"https:\/\/sologis.cz\/wp-content\/uploads\/2021\/11\/Sologis-kontakty-tel-email.png 500w, https:\/\/sologis.cz\/wp-content\/uploads\/2021\/11\/Sologis-kontakty-tel-email-300x58.png 300w\" sizes=\"auto, (max-width: 500px) 100vw, 500px\" \/><\/figure>\n","protected":false},"excerpt":{"rendered":"<p>Na\u0161e spole\u010dnost vznikla v roce 2018 Nab\u00edz\u00edme: Najdete n\u00e1sPohled 249582 21 Pohled Mapy.czKontak A4 pro vytisknut\u00ed<\/p>\n","protected":false},"author":3,"featured_media":0,"parent":0,"menu_order":0,"comment_status":"closed","ping_status":"closed","template":"","meta":{"footnotes":""},"class_list":["post-126","page","type-page","status-publish","hentry"],"yoast_head":"<!-- This site is optimized with the Yoast SEO plugin v27.5 - https:\/\/yoast.com\/product\/yoast-seo-wordpress\/ -->\n<title>Sologis - D\u00e1v\u00e1me \u0159\u00e1d skladov\u00e1n\u00ed - Sologis<\/title>\n<meta name=\"robots\" content=\"index, follow, max-snippet:-1, max-image-preview:large, max-video-preview:-1\" \/>\n<link rel=\"canonical\" href=\"https:\/\/sologis.cz\/\" \/>\n<meta property=\"og:locale\" content=\"cs_CZ\" \/>\n<meta property=\"og:type\" content=\"article\" \/>\n<meta property=\"og:title\" content=\"Sologis - D\u00e1v\u00e1me \u0159\u00e1d skladov\u00e1n\u00ed - Sologis\" \/>\n<meta property=\"og:description\" content=\"Na\u0161e spole\u010dnost vznikla v roce 2018 Nab\u00edz\u00edme: Najdete n\u00e1sPohled 249582 21 Pohled Mapy.czKontak A4 pro vytisknut\u00ed\" \/>\n<meta property=\"og:url\" content=\"https:\/\/sologis.cz\/\" \/>\n<meta property=\"og:site_name\" content=\"Sologis\" \/>\n<meta property=\"article:modified_time\" content=\"2024-05-03T11:26:35+00:00\" \/>\n<meta property=\"og:image\" content=\"https:\/\/sologis.cz\/wp-content\/uploads\/2021\/11\/Sologis-kontakty-tel-email.png\" \/>\n<meta name=\"twitter:card\" content=\"summary_large_image\" \/>\n<meta name=\"twitter:label1\" content=\"Odhadovan\u00e1 doba \u010dten\u00ed\" \/>\n\t<meta name=\"twitter:data1\" content=\"1 minuta\" \/>\n<script type=\"application\/ld+json\" class=\"yoast-schema-graph\">{\"@context\":\"https:\\\/\\\/schema.org\",\"@graph\":[{\"@type\":\"WebPage\",\"@id\":\"https:\\\/\\\/sologis.cz\\\/\",\"url\":\"https:\\\/\\\/sologis.cz\\\/\",\"name\":\"Sologis - D\u00e1v\u00e1me \u0159\u00e1d skladov\u00e1n\u00ed - Sologis\",\"isPartOf\":{\"@id\":\"https:\\\/\\\/sologis.cz\\\/#website\"},\"primaryImageOfPage\":{\"@id\":\"https:\\\/\\\/sologis.cz\\\/#primaryimage\"},\"image\":{\"@id\":\"https:\\\/\\\/sologis.cz\\\/#primaryimage\"},\"thumbnailUrl\":\"https:\\\/\\\/sologis.cz\\\/wp-content\\\/uploads\\\/2021\\\/11\\\/Sologis-kontakty-tel-email.png\",\"datePublished\":\"2019-02-26T15:32:08+00:00\",\"dateModified\":\"2024-05-03T11:26:35+00:00\",\"breadcrumb\":{\"@id\":\"https:\\\/\\\/sologis.cz\\\/#breadcrumb\"},\"inLanguage\":\"cs\",\"potentialAction\":[{\"@type\":\"ReadAction\",\"target\":[\"https:\\\/\\\/sologis.cz\\\/\"]}]},{\"@type\":\"ImageObject\",\"inLanguage\":\"cs\",\"@id\":\"https:\\\/\\\/sologis.cz\\\/#primaryimage\",\"url\":\"https:\\\/\\\/sologis.cz\\\/wp-content\\\/uploads\\\/2021\\\/11\\\/Sologis-kontakty-tel-email.png\",\"contentUrl\":\"https:\\\/\\\/sologis.cz\\\/wp-content\\\/uploads\\\/2021\\\/11\\\/Sologis-kontakty-tel-email.png\",\"width\":500,\"height\":97},{\"@type\":\"BreadcrumbList\",\"@id\":\"https:\\\/\\\/sologis.cz\\\/#breadcrumb\",\"itemListElement\":[{\"@type\":\"ListItem\",\"position\":1,\"name\":\"Dom\u016f\",\"item\":\"https:\\\/\\\/sologis.cz\\\/\"},{\"@type\":\"ListItem\",\"position\":2,\"name\":\"Sologis &#8211; D\u00e1v\u00e1me \u0159\u00e1d skladov\u00e1n\u00ed\"}]},{\"@type\":\"WebSite\",\"@id\":\"https:\\\/\\\/sologis.cz\\\/#website\",\"url\":\"https:\\\/\\\/sologis.cz\\\/\",\"name\":\"Sologis\",\"description\":\"D\u00e1v\u00e1me \u0159\u00e1d skladov\u00e1n\u00ed\",\"publisher\":{\"@id\":\"https:\\\/\\\/sologis.cz\\\/#organization\"},\"potentialAction\":[{\"@type\":\"SearchAction\",\"target\":{\"@type\":\"EntryPoint\",\"urlTemplate\":\"https:\\\/\\\/sologis.cz\\\/?s={search_term_string}\"},\"query-input\":{\"@type\":\"PropertyValueSpecification\",\"valueRequired\":true,\"valueName\":\"search_term_string\"}}],\"inLanguage\":\"cs\"},{\"@type\":\"Organization\",\"@id\":\"https:\\\/\\\/sologis.cz\\\/#organization\",\"name\":\"Sologis\",\"url\":\"https:\\\/\\\/sologis.cz\\\/\",\"logo\":{\"@type\":\"ImageObject\",\"inLanguage\":\"cs\",\"@id\":\"https:\\\/\\\/sologis.cz\\\/#\\\/schema\\\/logo\\\/image\\\/\",\"url\":\"https:\\\/\\\/sologis.cz\\\/wp-content\\\/uploads\\\/2021\\\/11\\\/cropped-Sologis-logo.png\",\"contentUrl\":\"https:\\\/\\\/sologis.cz\\\/wp-content\\\/uploads\\\/2021\\\/11\\\/cropped-Sologis-logo.png\",\"width\":250,\"height\":250,\"caption\":\"Sologis\"},\"image\":{\"@id\":\"https:\\\/\\\/sologis.cz\\\/#\\\/schema\\\/logo\\\/image\\\/\"}}]}<\/script>\n<!-- \/ Yoast SEO plugin. -->","yoast_head_json":{"title":"Sologis - D\u00e1v\u00e1me \u0159\u00e1d skladov\u00e1n\u00ed - Sologis","robots":{"index":"index","follow":"follow","max-snippet":"max-snippet:-1","max-image-preview":"max-image-preview:large","max-video-preview":"max-video-preview:-1"},"canonical":"https:\/\/sologis.cz\/","og_locale":"cs_CZ","og_type":"article","og_title":"Sologis - D\u00e1v\u00e1me \u0159\u00e1d skladov\u00e1n\u00ed - Sologis","og_description":"Na\u0161e spole\u010dnost vznikla v roce 2018 Nab\u00edz\u00edme: Najdete n\u00e1sPohled 249582 21 Pohled Mapy.czKontak A4 pro vytisknut\u00ed","og_url":"https:\/\/sologis.cz\/","og_site_name":"Sologis","article_modified_time":"2024-05-03T11:26:35+00:00","og_image":[{"url":"https:\/\/sologis.cz\/wp-content\/uploads\/2021\/11\/Sologis-kontakty-tel-email.png","type":"","width":"","height":""}],"twitter_card":"summary_large_image","twitter_misc":{"Odhadovan\u00e1 doba \u010dten\u00ed":"1 minuta"},"schema":{"@context":"https:\/\/schema.org","@graph":[{"@type":"WebPage","@id":"https:\/\/sologis.cz\/","url":"https:\/\/sologis.cz\/","name":"Sologis - D\u00e1v\u00e1me \u0159\u00e1d skladov\u00e1n\u00ed - Sologis","isPartOf":{"@id":"https:\/\/sologis.cz\/#website"},"primaryImageOfPage":{"@id":"https:\/\/sologis.cz\/#primaryimage"},"image":{"@id":"https:\/\/sologis.cz\/#primaryimage"},"thumbnailUrl":"https:\/\/sologis.cz\/wp-content\/uploads\/2021\/11\/Sologis-kontakty-tel-email.png","datePublished":"2019-02-26T15:32:08+00:00","dateModified":"2024-05-03T11:26:35+00:00","breadcrumb":{"@id":"https:\/\/sologis.cz\/#breadcrumb"},"inLanguage":"cs","potentialAction":[{"@type":"ReadAction","target":["https:\/\/sologis.cz\/"]}]},{"@type":"ImageObject","inLanguage":"cs","@id":"https:\/\/sologis.cz\/#primaryimage","url":"https:\/\/sologis.cz\/wp-content\/uploads\/2021\/11\/Sologis-kontakty-tel-email.png","contentUrl":"https:\/\/sologis.cz\/wp-content\/uploads\/2021\/11\/Sologis-kontakty-tel-email.png","width":500,"height":97},{"@type":"BreadcrumbList","@id":"https:\/\/sologis.cz\/#breadcrumb","itemListElement":[{"@type":"ListItem","position":1,"name":"Dom\u016f","item":"https:\/\/sologis.cz\/"},{"@type":"ListItem","position":2,"name":"Sologis &#8211; D\u00e1v\u00e1me \u0159\u00e1d skladov\u00e1n\u00ed"}]},{"@type":"WebSite","@id":"https:\/\/sologis.cz\/#website","url":"https:\/\/sologis.cz\/","name":"Sologis","description":"D\u00e1v\u00e1me \u0159\u00e1d skladov\u00e1n\u00ed","publisher":{"@id":"https:\/\/sologis.cz\/#organization"},"potentialAction":[{"@type":"SearchAction","target":{"@type":"EntryPoint","urlTemplate":"https:\/\/sologis.cz\/?s={search_term_string}"},"query-input":{"@type":"PropertyValueSpecification","valueRequired":true,"valueName":"search_term_string"}}],"inLanguage":"cs"},{"@type":"Organization","@id":"https:\/\/sologis.cz\/#organization","name":"Sologis","url":"https:\/\/sologis.cz\/","logo":{"@type":"ImageObject","inLanguage":"cs","@id":"https:\/\/sologis.cz\/#\/schema\/logo\/image\/","url":"https:\/\/sologis.cz\/wp-content\/uploads\/2021\/11\/cropped-Sologis-logo.png","contentUrl":"https:\/\/sologis.cz\/wp-content\/uploads\/2021\/11\/cropped-Sologis-logo.png","width":250,"height":250,"caption":"Sologis"},"image":{"@id":"https:\/\/sologis.cz\/#\/schema\/logo\/image\/"}}]}},"_links":{"self":[{"href":"https:\/\/sologis.cz\/index.php\/wp-json\/wp\/v2\/pages\/126","targetHints":{"allow":["GET"]}}],"collection":[{"href":"https:\/\/sologis.cz\/index.php\/wp-json\/wp\/v2\/pages"}],"about":[{"href":"https:\/\/sologis.cz\/index.php\/wp-json\/wp\/v2\/types\/page"}],"author":[{"embeddable":true,"href":"https:\/\/sologis.cz\/index.php\/wp-json\/wp\/v2\/users\/3"}],"replies":[{"embeddable":true,"href":"https:\/\/sologis.cz\/index.php\/wp-json\/wp\/v2\/comments?post=126"}],"version-history":[{"count":58,"href":"https:\/\/sologis.cz\/index.php\/wp-json\/wp\/v2\/pages\/126\/revisions"}],"predecessor-version":[{"id":376,"href":"https:\/\/sologis.cz\/index.php\/wp-json\/wp\/v2\/pages\/126\/revisions\/376"}],"wp:attachment":[{"href":"https:\/\/sologis.cz\/index.php\/wp-json\/wp\/v2\/media?parent=126"}],"curies":[{"name":"wp","href":"https:\/\/api.w.org\/{rel}","templated":true}]}}