{"id":227,"date":"2021-11-12T05:13:01","date_gmt":"2021-11-12T04:13:01","guid":{"rendered":"https:\/\/sologis.cz\/?page_id=227"},"modified":"2024-04-29T12:27:05","modified_gmt":"2024-04-29T10:27:05","slug":"ostatni-aktivity","status":"publish","type":"page","link":"https:\/\/sologis.cz\/index.php\/ostatni-aktivity\/","title":{"rendered":"OSTATN\u00cd AKTIVITY"},"content":{"rendered":"\n<p> Uzn\u00e1v\u00e1me hodnoty cirkul\u00e1rn\u00ed ekonomiky &#8211; <a href=\"https:\/\/circu.eu\">Circu.eu<\/a><\/p>\n\n\n\n<p>Minimalizujeme ekologickou z\u00e1t\u011b\u017e <br>Omezujeme v\u00fdrobu nerecyklovan\u00fdch materi\u00e1l\u016f na minimum.<\/p>\n\n\n\n<figure class=\"wp-block-image size-large is-resized\"><img loading=\"lazy\" decoding=\"async\" width=\"724\" height=\"1024\" src=\"https:\/\/sologis.cz\/wp-content\/uploads\/2021\/08\/povinna\u0301-publicita-vertikal-724x1024.jpg\" alt=\"\" class=\"wp-image-216\" style=\"width:362px;height:512px\" srcset=\"https:\/\/sologis.cz\/wp-content\/uploads\/2021\/08\/povinna\u0301-publicita-vertikal-724x1024.jpg 724w, https:\/\/sologis.cz\/wp-content\/uploads\/2021\/08\/povinna\u0301-publicita-vertikal-212x300.jpg 212w, https:\/\/sologis.cz\/wp-content\/uploads\/2021\/08\/povinna\u0301-publicita-vertikal-768x1087.jpg 768w, https:\/\/sologis.cz\/wp-content\/uploads\/2021\/08\/povinna\u0301-publicita-vertikal.jpg 841w\" sizes=\"auto, (max-width: 724px) 100vw, 724px\" \/><figcaption class=\"wp-element-caption\">&nbsp;Publikov\u00e1no dne 25.3.2021<\/figcaption><\/figure>\n","protected":false},"excerpt":{"rendered":"<p>Uzn\u00e1v\u00e1me hodnoty cirkul\u00e1rn\u00ed ekonomiky &#8211; Circu.eu Minimalizujeme ekologickou z\u00e1t\u011b\u017e Omezujeme v\u00fdrobu nerecyklovan\u00fdch materi\u00e1l\u016f na minimum.<\/p>\n","protected":false},"author":3,"featured_media":0,"parent":0,"menu_order":0,"comment_status":"closed","ping_status":"closed","template":"","meta":{"footnotes":""},"class_list":["post-227","page","type-page","status-publish","hentry"],"yoast_head":"<!-- This site is optimized with the Yoast SEO plugin v27.3 - https:\/\/yoast.com\/product\/yoast-seo-wordpress\/ -->\n<title>OSTATN\u00cd AKTIVITY - Sologis<\/title>\n<meta name=\"robots\" content=\"index, follow, max-snippet:-1, max-image-preview:large, max-video-preview:-1\" \/>\n<link rel=\"canonical\" href=\"https:\/\/sologis.cz\/index.php\/ostatni-aktivity\/\" \/>\n<meta property=\"og:locale\" content=\"cs_CZ\" \/>\n<meta property=\"og:type\" content=\"article\" \/>\n<meta property=\"og:title\" content=\"OSTATN\u00cd AKTIVITY - Sologis\" \/>\n<meta property=\"og:description\" content=\"Uzn\u00e1v\u00e1me hodnoty cirkul\u00e1rn\u00ed ekonomiky &#8211; Circu.eu Minimalizujeme ekologickou z\u00e1t\u011b\u017e Omezujeme v\u00fdrobu nerecyklovan\u00fdch materi\u00e1l\u016f na minimum.\" \/>\n<meta property=\"og:url\" content=\"https:\/\/sologis.cz\/index.php\/ostatni-aktivity\/\" \/>\n<meta property=\"og:site_name\" content=\"Sologis\" \/>\n<meta property=\"article:modified_time\" content=\"2024-04-29T10:27:05+00:00\" \/>\n<meta name=\"twitter:card\" content=\"summary_large_image\" \/>\n<script type=\"application\/ld+json\" class=\"yoast-schema-graph\">{\"@context\":\"https:\\\/\\\/schema.org\",\"@graph\":[{\"@type\":\"WebPage\",\"@id\":\"https:\\\/\\\/sologis.cz\\\/index.php\\\/ostatni-aktivity\\\/\",\"url\":\"https:\\\/\\\/sologis.cz\\\/index.php\\\/ostatni-aktivity\\\/\",\"name\":\"OSTATN\u00cd AKTIVITY - Sologis\",\"isPartOf\":{\"@id\":\"https:\\\/\\\/sologis.cz\\\/#website\"},\"datePublished\":\"2021-11-12T04:13:01+00:00\",\"dateModified\":\"2024-04-29T10:27:05+00:00\",\"breadcrumb\":{\"@id\":\"https:\\\/\\\/sologis.cz\\\/index.php\\\/ostatni-aktivity\\\/#breadcrumb\"},\"inLanguage\":\"cs\",\"potentialAction\":[{\"@type\":\"ReadAction\",\"target\":[\"https:\\\/\\\/sologis.cz\\\/index.php\\\/ostatni-aktivity\\\/\"]}]},{\"@type\":\"BreadcrumbList\",\"@id\":\"https:\\\/\\\/sologis.cz\\\/index.php\\\/ostatni-aktivity\\\/#breadcrumb\",\"itemListElement\":[{\"@type\":\"ListItem\",\"position\":1,\"name\":\"Dom\u016f\",\"item\":\"https:\\\/\\\/sologis.cz\\\/\"},{\"@type\":\"ListItem\",\"position\":2,\"name\":\"OSTATN\u00cd AKTIVITY\"}]},{\"@type\":\"WebSite\",\"@id\":\"https:\\\/\\\/sologis.cz\\\/#website\",\"url\":\"https:\\\/\\\/sologis.cz\\\/\",\"name\":\"Sologis\",\"description\":\"D\u00e1v\u00e1me \u0159\u00e1d skladov\u00e1n\u00ed\",\"publisher\":{\"@id\":\"https:\\\/\\\/sologis.cz\\\/#organization\"},\"potentialAction\":[{\"@type\":\"SearchAction\",\"target\":{\"@type\":\"EntryPoint\",\"urlTemplate\":\"https:\\\/\\\/sologis.cz\\\/?s={search_term_string}\"},\"query-input\":{\"@type\":\"PropertyValueSpecification\",\"valueRequired\":true,\"valueName\":\"search_term_string\"}}],\"inLanguage\":\"cs\"},{\"@type\":\"Organization\",\"@id\":\"https:\\\/\\\/sologis.cz\\\/#organization\",\"name\":\"Sologis\",\"url\":\"https:\\\/\\\/sologis.cz\\\/\",\"logo\":{\"@type\":\"ImageObject\",\"inLanguage\":\"cs\",\"@id\":\"https:\\\/\\\/sologis.cz\\\/#\\\/schema\\\/logo\\\/image\\\/\",\"url\":\"https:\\\/\\\/sologis.cz\\\/wp-content\\\/uploads\\\/2021\\\/11\\\/cropped-Sologis-logo.png\",\"contentUrl\":\"https:\\\/\\\/sologis.cz\\\/wp-content\\\/uploads\\\/2021\\\/11\\\/cropped-Sologis-logo.png\",\"width\":250,\"height\":250,\"caption\":\"Sologis\"},\"image\":{\"@id\":\"https:\\\/\\\/sologis.cz\\\/#\\\/schema\\\/logo\\\/image\\\/\"}}]}<\/script>\n<!-- \/ Yoast SEO plugin. -->","yoast_head_json":{"title":"OSTATN\u00cd AKTIVITY - Sologis","robots":{"index":"index","follow":"follow","max-snippet":"max-snippet:-1","max-image-preview":"max-image-preview:large","max-video-preview":"max-video-preview:-1"},"canonical":"https:\/\/sologis.cz\/index.php\/ostatni-aktivity\/","og_locale":"cs_CZ","og_type":"article","og_title":"OSTATN\u00cd AKTIVITY - Sologis","og_description":"Uzn\u00e1v\u00e1me hodnoty cirkul\u00e1rn\u00ed ekonomiky &#8211; Circu.eu Minimalizujeme ekologickou z\u00e1t\u011b\u017e Omezujeme v\u00fdrobu nerecyklovan\u00fdch materi\u00e1l\u016f na minimum.","og_url":"https:\/\/sologis.cz\/index.php\/ostatni-aktivity\/","og_site_name":"Sologis","article_modified_time":"2024-04-29T10:27:05+00:00","twitter_card":"summary_large_image","schema":{"@context":"https:\/\/schema.org","@graph":[{"@type":"WebPage","@id":"https:\/\/sologis.cz\/index.php\/ostatni-aktivity\/","url":"https:\/\/sologis.cz\/index.php\/ostatni-aktivity\/","name":"OSTATN\u00cd AKTIVITY - Sologis","isPartOf":{"@id":"https:\/\/sologis.cz\/#website"},"datePublished":"2021-11-12T04:13:01+00:00","dateModified":"2024-04-29T10:27:05+00:00","breadcrumb":{"@id":"https:\/\/sologis.cz\/index.php\/ostatni-aktivity\/#breadcrumb"},"inLanguage":"cs","potentialAction":[{"@type":"ReadAction","target":["https:\/\/sologis.cz\/index.php\/ostatni-aktivity\/"]}]},{"@type":"BreadcrumbList","@id":"https:\/\/sologis.cz\/index.php\/ostatni-aktivity\/#breadcrumb","itemListElement":[{"@type":"ListItem","position":1,"name":"Dom\u016f","item":"https:\/\/sologis.cz\/"},{"@type":"ListItem","position":2,"name":"OSTATN\u00cd AKTIVITY"}]},{"@type":"WebSite","@id":"https:\/\/sologis.cz\/#website","url":"https:\/\/sologis.cz\/","name":"Sologis","description":"D\u00e1v\u00e1me \u0159\u00e1d skladov\u00e1n\u00ed","publisher":{"@id":"https:\/\/sologis.cz\/#organization"},"potentialAction":[{"@type":"SearchAction","target":{"@type":"EntryPoint","urlTemplate":"https:\/\/sologis.cz\/?s={search_term_string}"},"query-input":{"@type":"PropertyValueSpecification","valueRequired":true,"valueName":"search_term_string"}}],"inLanguage":"cs"},{"@type":"Organization","@id":"https:\/\/sologis.cz\/#organization","name":"Sologis","url":"https:\/\/sologis.cz\/","logo":{"@type":"ImageObject","inLanguage":"cs","@id":"https:\/\/sologis.cz\/#\/schema\/logo\/image\/","url":"https:\/\/sologis.cz\/wp-content\/uploads\/2021\/11\/cropped-Sologis-logo.png","contentUrl":"https:\/\/sologis.cz\/wp-content\/uploads\/2021\/11\/cropped-Sologis-logo.png","width":250,"height":250,"caption":"Sologis"},"image":{"@id":"https:\/\/sologis.cz\/#\/schema\/logo\/image\/"}}]}},"_links":{"self":[{"href":"https:\/\/sologis.cz\/index.php\/wp-json\/wp\/v2\/pages\/227","targetHints":{"allow":["GET"]}}],"collection":[{"href":"https:\/\/sologis.cz\/index.php\/wp-json\/wp\/v2\/pages"}],"about":[{"href":"https:\/\/sologis.cz\/index.php\/wp-json\/wp\/v2\/types\/page"}],"author":[{"embeddable":true,"href":"https:\/\/sologis.cz\/index.php\/wp-json\/wp\/v2\/users\/3"}],"replies":[{"embeddable":true,"href":"https:\/\/sologis.cz\/index.php\/wp-json\/wp\/v2\/comments?post=227"}],"version-history":[{"count":11,"href":"https:\/\/sologis.cz\/index.php\/wp-json\/wp\/v2\/pages\/227\/revisions"}],"predecessor-version":[{"id":373,"href":"https:\/\/sologis.cz\/index.php\/wp-json\/wp\/v2\/pages\/227\/revisions\/373"}],"wp:attachment":[{"href":"https:\/\/sologis.cz\/index.php\/wp-json\/wp\/v2\/media?parent=227"}],"curies":[{"name":"wp","href":"https:\/\/api.w.org\/{rel}","templated":true}]}}