{"id":229,"date":"2021-11-12T05:13:34","date_gmt":"2021-11-12T04:13:34","guid":{"rendered":"https:\/\/sologis.cz\/?page_id=229"},"modified":"2024-08-25T04:37:46","modified_gmt":"2024-08-25T02:37:46","slug":"realizace","status":"publish","type":"page","link":"https:\/\/sologis.cz\/index.php\/realizace\/","title":{"rendered":"REALIZACE"},"content":{"rendered":"\n<figure class=\"wp-block-gallery has-nested-images columns-4 is-cropped wp-block-gallery-1 is-layout-flex wp-block-gallery-is-layout-flex\">\n<figure class=\"wp-block-image size-large\"><a href=\"https:\/\/sologis.cz\/wp-content\/uploads\/2024\/05\/Sologis-reference-13.jpg\"><img loading=\"lazy\" decoding=\"async\" width=\"900\" height=\"812\" data-id=\"390\" src=\"https:\/\/sologis.cz\/wp-content\/uploads\/2024\/05\/Sologis-reference-13.jpg\" alt=\"\" class=\"wp-image-390\" srcset=\"https:\/\/sologis.cz\/wp-content\/uploads\/2024\/05\/Sologis-reference-13.jpg 900w, https:\/\/sologis.cz\/wp-content\/uploads\/2024\/05\/Sologis-reference-13-300x271.jpg 300w, https:\/\/sologis.cz\/wp-content\/uploads\/2024\/05\/Sologis-reference-13-768x693.jpg 768w\" sizes=\"auto, (max-width: 706px) 89vw, (max-width: 767px) 82vw, 740px\" \/><\/a><\/figure>\n\n\n\n<figure class=\"wp-block-image size-large\"><a href=\"https:\/\/sologis.cz\/wp-content\/uploads\/2024\/05\/Sologis-reference-12.jpg\"><img loading=\"lazy\" decoding=\"async\" width=\"900\" height=\"759\" data-id=\"389\" src=\"https:\/\/sologis.cz\/wp-content\/uploads\/2024\/05\/Sologis-reference-12.jpg\" alt=\"\" class=\"wp-image-389\" srcset=\"https:\/\/sologis.cz\/wp-content\/uploads\/2024\/05\/Sologis-reference-12.jpg 900w, https:\/\/sologis.cz\/wp-content\/uploads\/2024\/05\/Sologis-reference-12-300x253.jpg 300w, https:\/\/sologis.cz\/wp-content\/uploads\/2024\/05\/Sologis-reference-12-768x648.jpg 768w\" sizes=\"auto, (max-width: 706px) 89vw, (max-width: 767px) 82vw, 740px\" \/><\/a><\/figure>\n\n\n\n<figure class=\"wp-block-image size-large\"><a href=\"https:\/\/sologis.cz\/wp-content\/uploads\/2024\/05\/Sologis-reference-11.jpg\"><img loading=\"lazy\" decoding=\"async\" width=\"729\" height=\"1024\" data-id=\"388\" src=\"https:\/\/sologis.cz\/wp-content\/uploads\/2024\/05\/Sologis-reference-11-729x1024.jpg\" alt=\"\" class=\"wp-image-388\" srcset=\"https:\/\/sologis.cz\/wp-content\/uploads\/2024\/05\/Sologis-reference-11-729x1024.jpg 729w, https:\/\/sologis.cz\/wp-content\/uploads\/2024\/05\/Sologis-reference-11-213x300.jpg 213w, https:\/\/sologis.cz\/wp-content\/uploads\/2024\/05\/Sologis-reference-11-768x1079.jpg 768w, https:\/\/sologis.cz\/wp-content\/uploads\/2024\/05\/Sologis-reference-11.jpg 900w\" sizes=\"auto, (max-width: 729px) 100vw, 729px\" \/><\/a><\/figure>\n\n\n\n<figure class=\"wp-block-image size-large\"><a href=\"https:\/\/sologis.cz\/wp-content\/uploads\/2024\/05\/Sologis-reference-14.jpg\"><img loading=\"lazy\" decoding=\"async\" width=\"1000\" height=\"373\" data-id=\"391\" src=\"https:\/\/sologis.cz\/wp-content\/uploads\/2024\/05\/Sologis-reference-14.jpg\" alt=\"\" class=\"wp-image-391\" srcset=\"https:\/\/sologis.cz\/wp-content\/uploads\/2024\/05\/Sologis-reference-14.jpg 1000w, https:\/\/sologis.cz\/wp-content\/uploads\/2024\/05\/Sologis-reference-14-300x112.jpg 300w, https:\/\/sologis.cz\/wp-content\/uploads\/2024\/05\/Sologis-reference-14-768x286.jpg 768w\" sizes=\"auto, (max-width: 706px) 89vw, (max-width: 767px) 82vw, 740px\" \/><\/a><\/figure>\n\n\n\n<figure class=\"wp-block-image size-large\"><a href=\"https:\/\/sologis.cz\/wp-content\/uploads\/2024\/05\/Sologis-reference-10.jpg\"><img loading=\"lazy\" decoding=\"async\" width=\"900\" height=\"936\" data-id=\"387\" src=\"https:\/\/sologis.cz\/wp-content\/uploads\/2024\/05\/Sologis-reference-10.jpg\" alt=\"\" class=\"wp-image-387\" srcset=\"https:\/\/sologis.cz\/wp-content\/uploads\/2024\/05\/Sologis-reference-10.jpg 900w, https:\/\/sologis.cz\/wp-content\/uploads\/2024\/05\/Sologis-reference-10-288x300.jpg 288w, https:\/\/sologis.cz\/wp-content\/uploads\/2024\/05\/Sologis-reference-10-768x799.jpg 768w\" sizes=\"auto, (max-width: 706px) 89vw, (max-width: 767px) 82vw, 740px\" \/><\/a><\/figure>\n\n\n\n<figure class=\"wp-block-image size-large\"><a href=\"https:\/\/sologis.cz\/wp-content\/uploads\/2024\/05\/Sologis-reference-9.jpg\"><img loading=\"lazy\" decoding=\"async\" width=\"633\" height=\"1024\" data-id=\"386\" src=\"https:\/\/sologis.cz\/wp-content\/uploads\/2024\/05\/Sologis-reference-9-633x1024.jpg\" alt=\"\" class=\"wp-image-386\" srcset=\"https:\/\/sologis.cz\/wp-content\/uploads\/2024\/05\/Sologis-reference-9-633x1024.jpg 633w, https:\/\/sologis.cz\/wp-content\/uploads\/2024\/05\/Sologis-reference-9-185x300.jpg 185w, https:\/\/sologis.cz\/wp-content\/uploads\/2024\/05\/Sologis-reference-9-768x1242.jpg 768w, https:\/\/sologis.cz\/wp-content\/uploads\/2024\/05\/Sologis-reference-9.jpg 900w\" sizes=\"auto, (max-width: 633px) 100vw, 633px\" \/><\/a><\/figure>\n\n\n\n<figure class=\"wp-block-image size-large\"><a href=\"https:\/\/sologis.cz\/wp-content\/uploads\/2024\/05\/Sologis-reference-8.jpg\"><img loading=\"lazy\" decoding=\"async\" width=\"864\" height=\"1024\" data-id=\"385\" src=\"https:\/\/sologis.cz\/wp-content\/uploads\/2024\/05\/Sologis-reference-8-864x1024.jpg\" alt=\"\" class=\"wp-image-385\" srcset=\"https:\/\/sologis.cz\/wp-content\/uploads\/2024\/05\/Sologis-reference-8-864x1024.jpg 864w, https:\/\/sologis.cz\/wp-content\/uploads\/2024\/05\/Sologis-reference-8-253x300.jpg 253w, https:\/\/sologis.cz\/wp-content\/uploads\/2024\/05\/Sologis-reference-8-768x911.jpg 768w, https:\/\/sologis.cz\/wp-content\/uploads\/2024\/05\/Sologis-reference-8.jpg 900w\" sizes=\"auto, (max-width: 706px) 89vw, (max-width: 767px) 82vw, 740px\" \/><\/a><\/figure>\n\n\n\n<figure class=\"wp-block-image size-large\"><a href=\"https:\/\/sologis.cz\/wp-content\/uploads\/2024\/05\/Sologis-reference-7.jpg\"><img loading=\"lazy\" decoding=\"async\" width=\"900\" height=\"674\" data-id=\"384\" src=\"https:\/\/sologis.cz\/wp-content\/uploads\/2024\/05\/Sologis-reference-7.jpg\" alt=\"\" class=\"wp-image-384\" srcset=\"https:\/\/sologis.cz\/wp-content\/uploads\/2024\/05\/Sologis-reference-7.jpg 900w, https:\/\/sologis.cz\/wp-content\/uploads\/2024\/05\/Sologis-reference-7-300x225.jpg 300w, https:\/\/sologis.cz\/wp-content\/uploads\/2024\/05\/Sologis-reference-7-768x575.jpg 768w\" sizes=\"auto, (max-width: 706px) 89vw, (max-width: 767px) 82vw, 740px\" \/><\/a><\/figure>\n\n\n\n<figure class=\"wp-block-image size-large\"><a href=\"https:\/\/sologis.cz\/wp-content\/uploads\/2024\/05\/Sologis-reference-6.jpg\"><img loading=\"lazy\" decoding=\"async\" width=\"900\" height=\"635\" data-id=\"383\" src=\"https:\/\/sologis.cz\/wp-content\/uploads\/2024\/05\/Sologis-reference-6.jpg\" alt=\"\" class=\"wp-image-383\" srcset=\"https:\/\/sologis.cz\/wp-content\/uploads\/2024\/05\/Sologis-reference-6.jpg 900w, https:\/\/sologis.cz\/wp-content\/uploads\/2024\/05\/Sologis-reference-6-300x212.jpg 300w, https:\/\/sologis.cz\/wp-content\/uploads\/2024\/05\/Sologis-reference-6-768x542.jpg 768w\" sizes=\"auto, (max-width: 706px) 89vw, (max-width: 767px) 82vw, 740px\" \/><\/a><\/figure>\n\n\n\n<figure class=\"wp-block-image size-large\"><a href=\"https:\/\/sologis.cz\/wp-content\/uploads\/2024\/05\/Sologis-reference-5.jpg\"><img loading=\"lazy\" decoding=\"async\" width=\"900\" height=\"709\" data-id=\"382\" src=\"https:\/\/sologis.cz\/wp-content\/uploads\/2024\/05\/Sologis-reference-5.jpg\" alt=\"\" class=\"wp-image-382\" srcset=\"https:\/\/sologis.cz\/wp-content\/uploads\/2024\/05\/Sologis-reference-5.jpg 900w, https:\/\/sologis.cz\/wp-content\/uploads\/2024\/05\/Sologis-reference-5-300x236.jpg 300w, https:\/\/sologis.cz\/wp-content\/uploads\/2024\/05\/Sologis-reference-5-768x605.jpg 768w\" sizes=\"auto, (max-width: 706px) 89vw, (max-width: 767px) 82vw, 740px\" \/><\/a><\/figure>\n\n\n\n<figure class=\"wp-block-image size-large\"><a href=\"https:\/\/sologis.cz\/wp-content\/uploads\/2024\/05\/Sologis-reference-4.jpg\"><img loading=\"lazy\" decoding=\"async\" width=\"759\" height=\"1024\" data-id=\"381\" src=\"https:\/\/sologis.cz\/wp-content\/uploads\/2024\/05\/Sologis-reference-4-759x1024.jpg\" alt=\"\" class=\"wp-image-381\" srcset=\"https:\/\/sologis.cz\/wp-content\/uploads\/2024\/05\/Sologis-reference-4-759x1024.jpg 759w, https:\/\/sologis.cz\/wp-content\/uploads\/2024\/05\/Sologis-reference-4-222x300.jpg 222w, https:\/\/sologis.cz\/wp-content\/uploads\/2024\/05\/Sologis-reference-4-768x1036.jpg 768w, https:\/\/sologis.cz\/wp-content\/uploads\/2024\/05\/Sologis-reference-4.jpg 1000w\" sizes=\"auto, (max-width: 706px) 89vw, (max-width: 767px) 82vw, 740px\" \/><\/a><\/figure>\n\n\n\n<figure class=\"wp-block-image size-large\"><a href=\"https:\/\/sologis.cz\/wp-content\/uploads\/2024\/05\/Sologis-reference-2.jpg\"><img loading=\"lazy\" decoding=\"async\" width=\"900\" height=\"405\" data-id=\"379\" src=\"https:\/\/sologis.cz\/wp-content\/uploads\/2024\/05\/Sologis-reference-2.jpg\" alt=\"\" class=\"wp-image-379\" srcset=\"https:\/\/sologis.cz\/wp-content\/uploads\/2024\/05\/Sologis-reference-2.jpg 900w, https:\/\/sologis.cz\/wp-content\/uploads\/2024\/05\/Sologis-reference-2-300x135.jpg 300w, https:\/\/sologis.cz\/wp-content\/uploads\/2024\/05\/Sologis-reference-2-768x346.jpg 768w\" sizes=\"auto, (max-width: 706px) 89vw, (max-width: 767px) 82vw, 740px\" \/><\/a><\/figure>\n\n\n\n<figure class=\"wp-block-image size-large\"><a href=\"https:\/\/sologis.cz\/wp-content\/uploads\/2024\/05\/Sologis-reference-3.jpg\"><img loading=\"lazy\" decoding=\"async\" width=\"900\" height=\"619\" data-id=\"380\" src=\"https:\/\/sologis.cz\/wp-content\/uploads\/2024\/05\/Sologis-reference-3.jpg\" alt=\"\" class=\"wp-image-380\" srcset=\"https:\/\/sologis.cz\/wp-content\/uploads\/2024\/05\/Sologis-reference-3.jpg 900w, https:\/\/sologis.cz\/wp-content\/uploads\/2024\/05\/Sologis-reference-3-300x206.jpg 300w, https:\/\/sologis.cz\/wp-content\/uploads\/2024\/05\/Sologis-reference-3-768x528.jpg 768w\" sizes=\"auto, (max-width: 706px) 89vw, (max-width: 767px) 82vw, 740px\" \/><\/a><\/figure>\n\n\n\n<figure class=\"wp-block-image size-large\"><a href=\"https:\/\/sologis.cz\/wp-content\/uploads\/2024\/05\/Sologis-reference-1.jpg\"><img loading=\"lazy\" decoding=\"async\" width=\"900\" height=\"885\" data-id=\"377\" src=\"https:\/\/sologis.cz\/wp-content\/uploads\/2024\/05\/Sologis-reference-1.jpg\" alt=\"\" class=\"wp-image-377\" srcset=\"https:\/\/sologis.cz\/wp-content\/uploads\/2024\/05\/Sologis-reference-1.jpg 900w, https:\/\/sologis.cz\/wp-content\/uploads\/2024\/05\/Sologis-reference-1-300x295.jpg 300w, https:\/\/sologis.cz\/wp-content\/uploads\/2024\/05\/Sologis-reference-1-768x755.jpg 768w\" sizes=\"auto, (max-width: 706px) 89vw, (max-width: 767px) 82vw, 740px\" \/><\/a><\/figure>\n<\/figure>\n","protected":false},"excerpt":{"rendered":"","protected":false},"author":3,"featured_media":0,"parent":0,"menu_order":0,"comment_status":"closed","ping_status":"closed","template":"","meta":{"footnotes":""},"class_list":["post-229","page","type-page","status-publish","hentry"],"yoast_head":"<!-- This site is optimized with the Yoast SEO plugin v27.5 - https:\/\/yoast.com\/product\/yoast-seo-wordpress\/ -->\n<title>REALIZACE - Sologis<\/title>\n<meta name=\"robots\" content=\"index, follow, max-snippet:-1, max-image-preview:large, max-video-preview:-1\" \/>\n<link rel=\"canonical\" href=\"https:\/\/sologis.cz\/index.php\/realizace\/\" \/>\n<meta property=\"og:locale\" content=\"cs_CZ\" \/>\n<meta property=\"og:type\" content=\"article\" \/>\n<meta property=\"og:title\" content=\"REALIZACE - Sologis\" \/>\n<meta property=\"og:url\" content=\"https:\/\/sologis.cz\/index.php\/realizace\/\" \/>\n<meta property=\"og:site_name\" content=\"Sologis\" \/>\n<meta property=\"article:modified_time\" content=\"2024-08-25T02:37:46+00:00\" \/>\n<meta property=\"og:image\" content=\"https:\/\/sologis.cz\/wp-content\/uploads\/2024\/05\/Sologis-reference-13.jpg\" \/>\n<meta name=\"twitter:card\" content=\"summary_large_image\" \/>\n<meta name=\"twitter:label1\" content=\"Odhadovan\u00e1 doba \u010dten\u00ed\" \/>\n\t<meta name=\"twitter:data1\" content=\"3 minuty\" \/>\n<script type=\"application\/ld+json\" class=\"yoast-schema-graph\">{\"@context\":\"https:\\\/\\\/schema.org\",\"@graph\":[{\"@type\":\"WebPage\",\"@id\":\"https:\\\/\\\/sologis.cz\\\/index.php\\\/realizace\\\/\",\"url\":\"https:\\\/\\\/sologis.cz\\\/index.php\\\/realizace\\\/\",\"name\":\"REALIZACE - Sologis\",\"isPartOf\":{\"@id\":\"https:\\\/\\\/sologis.cz\\\/#website\"},\"primaryImageOfPage\":{\"@id\":\"https:\\\/\\\/sologis.cz\\\/index.php\\\/realizace\\\/#primaryimage\"},\"image\":{\"@id\":\"https:\\\/\\\/sologis.cz\\\/index.php\\\/realizace\\\/#primaryimage\"},\"thumbnailUrl\":\"https:\\\/\\\/sologis.cz\\\/wp-content\\\/uploads\\\/2024\\\/05\\\/Sologis-reference-13.jpg\",\"datePublished\":\"2021-11-12T04:13:34+00:00\",\"dateModified\":\"2024-08-25T02:37:46+00:00\",\"breadcrumb\":{\"@id\":\"https:\\\/\\\/sologis.cz\\\/index.php\\\/realizace\\\/#breadcrumb\"},\"inLanguage\":\"cs\",\"potentialAction\":[{\"@type\":\"ReadAction\",\"target\":[\"https:\\\/\\\/sologis.cz\\\/index.php\\\/realizace\\\/\"]}]},{\"@type\":\"ImageObject\",\"inLanguage\":\"cs\",\"@id\":\"https:\\\/\\\/sologis.cz\\\/index.php\\\/realizace\\\/#primaryimage\",\"url\":\"https:\\\/\\\/sologis.cz\\\/wp-content\\\/uploads\\\/2024\\\/05\\\/Sologis-reference-13.jpg\",\"contentUrl\":\"https:\\\/\\\/sologis.cz\\\/wp-content\\\/uploads\\\/2024\\\/05\\\/Sologis-reference-13.jpg\"},{\"@type\":\"BreadcrumbList\",\"@id\":\"https:\\\/\\\/sologis.cz\\\/index.php\\\/realizace\\\/#breadcrumb\",\"itemListElement\":[{\"@type\":\"ListItem\",\"position\":1,\"name\":\"Dom\u016f\",\"item\":\"https:\\\/\\\/sologis.cz\\\/\"},{\"@type\":\"ListItem\",\"position\":2,\"name\":\"REALIZACE\"}]},{\"@type\":\"WebSite\",\"@id\":\"https:\\\/\\\/sologis.cz\\\/#website\",\"url\":\"https:\\\/\\\/sologis.cz\\\/\",\"name\":\"Sologis\",\"description\":\"D\u00e1v\u00e1me \u0159\u00e1d skladov\u00e1n\u00ed\",\"publisher\":{\"@id\":\"https:\\\/\\\/sologis.cz\\\/#organization\"},\"potentialAction\":[{\"@type\":\"SearchAction\",\"target\":{\"@type\":\"EntryPoint\",\"urlTemplate\":\"https:\\\/\\\/sologis.cz\\\/?s={search_term_string}\"},\"query-input\":{\"@type\":\"PropertyValueSpecification\",\"valueRequired\":true,\"valueName\":\"search_term_string\"}}],\"inLanguage\":\"cs\"},{\"@type\":\"Organization\",\"@id\":\"https:\\\/\\\/sologis.cz\\\/#organization\",\"name\":\"Sologis\",\"url\":\"https:\\\/\\\/sologis.cz\\\/\",\"logo\":{\"@type\":\"ImageObject\",\"inLanguage\":\"cs\",\"@id\":\"https:\\\/\\\/sologis.cz\\\/#\\\/schema\\\/logo\\\/image\\\/\",\"url\":\"https:\\\/\\\/sologis.cz\\\/wp-content\\\/uploads\\\/2021\\\/11\\\/cropped-Sologis-logo.png\",\"contentUrl\":\"https:\\\/\\\/sologis.cz\\\/wp-content\\\/uploads\\\/2021\\\/11\\\/cropped-Sologis-logo.png\",\"width\":250,\"height\":250,\"caption\":\"Sologis\"},\"image\":{\"@id\":\"https:\\\/\\\/sologis.cz\\\/#\\\/schema\\\/logo\\\/image\\\/\"}}]}<\/script>\n<!-- \/ Yoast SEO plugin. -->","yoast_head_json":{"title":"REALIZACE - Sologis","robots":{"index":"index","follow":"follow","max-snippet":"max-snippet:-1","max-image-preview":"max-image-preview:large","max-video-preview":"max-video-preview:-1"},"canonical":"https:\/\/sologis.cz\/index.php\/realizace\/","og_locale":"cs_CZ","og_type":"article","og_title":"REALIZACE - Sologis","og_url":"https:\/\/sologis.cz\/index.php\/realizace\/","og_site_name":"Sologis","article_modified_time":"2024-08-25T02:37:46+00:00","og_image":[{"url":"https:\/\/sologis.cz\/wp-content\/uploads\/2024\/05\/Sologis-reference-13.jpg","type":"","width":"","height":""}],"twitter_card":"summary_large_image","twitter_misc":{"Odhadovan\u00e1 doba \u010dten\u00ed":"3 minuty"},"schema":{"@context":"https:\/\/schema.org","@graph":[{"@type":"WebPage","@id":"https:\/\/sologis.cz\/index.php\/realizace\/","url":"https:\/\/sologis.cz\/index.php\/realizace\/","name":"REALIZACE - Sologis","isPartOf":{"@id":"https:\/\/sologis.cz\/#website"},"primaryImageOfPage":{"@id":"https:\/\/sologis.cz\/index.php\/realizace\/#primaryimage"},"image":{"@id":"https:\/\/sologis.cz\/index.php\/realizace\/#primaryimage"},"thumbnailUrl":"https:\/\/sologis.cz\/wp-content\/uploads\/2024\/05\/Sologis-reference-13.jpg","datePublished":"2021-11-12T04:13:34+00:00","dateModified":"2024-08-25T02:37:46+00:00","breadcrumb":{"@id":"https:\/\/sologis.cz\/index.php\/realizace\/#breadcrumb"},"inLanguage":"cs","potentialAction":[{"@type":"ReadAction","target":["https:\/\/sologis.cz\/index.php\/realizace\/"]}]},{"@type":"ImageObject","inLanguage":"cs","@id":"https:\/\/sologis.cz\/index.php\/realizace\/#primaryimage","url":"https:\/\/sologis.cz\/wp-content\/uploads\/2024\/05\/Sologis-reference-13.jpg","contentUrl":"https:\/\/sologis.cz\/wp-content\/uploads\/2024\/05\/Sologis-reference-13.jpg"},{"@type":"BreadcrumbList","@id":"https:\/\/sologis.cz\/index.php\/realizace\/#breadcrumb","itemListElement":[{"@type":"ListItem","position":1,"name":"Dom\u016f","item":"https:\/\/sologis.cz\/"},{"@type":"ListItem","position":2,"name":"REALIZACE"}]},{"@type":"WebSite","@id":"https:\/\/sologis.cz\/#website","url":"https:\/\/sologis.cz\/","name":"Sologis","description":"D\u00e1v\u00e1me \u0159\u00e1d skladov\u00e1n\u00ed","publisher":{"@id":"https:\/\/sologis.cz\/#organization"},"potentialAction":[{"@type":"SearchAction","target":{"@type":"EntryPoint","urlTemplate":"https:\/\/sologis.cz\/?s={search_term_string}"},"query-input":{"@type":"PropertyValueSpecification","valueRequired":true,"valueName":"search_term_string"}}],"inLanguage":"cs"},{"@type":"Organization","@id":"https:\/\/sologis.cz\/#organization","name":"Sologis","url":"https:\/\/sologis.cz\/","logo":{"@type":"ImageObject","inLanguage":"cs","@id":"https:\/\/sologis.cz\/#\/schema\/logo\/image\/","url":"https:\/\/sologis.cz\/wp-content\/uploads\/2021\/11\/cropped-Sologis-logo.png","contentUrl":"https:\/\/sologis.cz\/wp-content\/uploads\/2021\/11\/cropped-Sologis-logo.png","width":250,"height":250,"caption":"Sologis"},"image":{"@id":"https:\/\/sologis.cz\/#\/schema\/logo\/image\/"}}]}},"_links":{"self":[{"href":"https:\/\/sologis.cz\/index.php\/wp-json\/wp\/v2\/pages\/229","targetHints":{"allow":["GET"]}}],"collection":[{"href":"https:\/\/sologis.cz\/index.php\/wp-json\/wp\/v2\/pages"}],"about":[{"href":"https:\/\/sologis.cz\/index.php\/wp-json\/wp\/v2\/types\/page"}],"author":[{"embeddable":true,"href":"https:\/\/sologis.cz\/index.php\/wp-json\/wp\/v2\/users\/3"}],"replies":[{"embeddable":true,"href":"https:\/\/sologis.cz\/index.php\/wp-json\/wp\/v2\/comments?post=229"}],"version-history":[{"count":13,"href":"https:\/\/sologis.cz\/index.php\/wp-json\/wp\/v2\/pages\/229\/revisions"}],"predecessor-version":[{"id":414,"href":"https:\/\/sologis.cz\/index.php\/wp-json\/wp\/v2\/pages\/229\/revisions\/414"}],"wp:attachment":[{"href":"https:\/\/sologis.cz\/index.php\/wp-json\/wp\/v2\/media?parent=229"}],"curies":[{"name":"wp","href":"https:\/\/api.w.org\/{rel}","templated":true}]}}